{"id":29021,"date":"2024-07-08T14:17:44","date_gmt":"2024-07-08T12:17:44","guid":{"rendered":"https:\/\/centreliv.yetinc.ch\/?page_id=29021"},"modified":"2024-08-23T09:41:02","modified_gmt":"2024-08-23T07:41:02","slug":"resultat-dexamen-de-vos-patients","status":"publish","type":"page","link":"https:\/\/drvincentvilla.ch\/en\/pros-de-la-sante\/resultat-dexamen-de-vos-patients\/","title":{"rendered":"R\u00e9sultat d\u2019examen de vos patients"},"content":{"rendered":"\n[et_pb_section fb_built=\u00a0\u00bb1&Prime; _builder_version=\u00a0\u00bb4.26.0&Prime; _module_preset=\u00a0\u00bbdefault\u00a0\u00bb background_color=\u00a0\u00bb#000000&Prime; custom_padding=\u00a0\u00bb10px||10px||false|false\u00a0\u00bb global_colors_info=\u00a0\u00bb{}\u00a0\u00bb][et_pb_row column_structure=\u00a0\u00bb1_2,1_2&Prime; _builder_version=\u00a0\u00bb4.26.0&Prime; _module_preset=\u00a0\u00bbdefault\u00a0\u00bb background_color=\u00a0\u00bb#1b2e44&Prime; width=\u00a0\u00bb99%\u00a0\u00bb max_width=\u00a0\u00bb2560px\u00a0\u00bb module_alignment=\u00a0\u00bbright\u00a0\u00bb border_radii=\u00a0\u00bboff|45px|||45px\u00a0\u00bb global_colors_info=\u00a0\u00bb{}\u00a0\u00bb][et_pb_column type=\u00a0\u00bb1_2&Prime; _builder_version=\u00a0\u00bb4.26.0&Prime; _module_preset=\u00a0\u00bbdefault\u00a0\u00bb global_colors_info=\u00a0\u00bb{}\u00a0\u00bb][et_pb_text _builder_version=\u00a0\u00bb4.26.0&Prime; _module_preset=\u00a0\u00bbdefault\u00a0\u00bb custom_margin=\u00a0\u00bb20vh||6vh|10vh|false|false\u00a0\u00bb custom_margin_tablet=\u00a0\u00bb20vh||6vh|10vh|false|false\u00a0\u00bb custom_margin_phone=\u00a0\u00bb|2vh||2vh|false|true\u00a0\u00bb custom_margin_last_edited=\u00a0\u00bbon|phone\u00a0\u00bb header_font_size_tablet=\u00a0\u00bb45px\u00a0\u00bb global_colors_info=\u00a0\u00bb{}\u00a0\u00bb]<h1><span style=\"color: #ffffff;\">Demander les r\u00e9sultats d&rsquo;examen de vos patients-es trait\u00e9s au Centre Ost\u00e9o Articulaire<\/span><\/h1>[\/et_pb_text][et_pb_divider color=\u00a0\u00bb#FFFFFF\u00a0\u00bb divider_weight=\u00a0\u00bb3px\u00a0\u00bb _builder_version=\u00a0\u00bb4.26.0&Prime; _module_preset=\u00a0\u00bbdefault\u00a0\u00bb max_width=\u00a0\u00bb75%\u00a0\u00bb custom_margin=\u00a0\u00bb||1vh|10vh|false|false\u00a0\u00bb custom_margin_tablet=\u00a0\u00bb||1vh|10vh|false|false\u00a0\u00bb custom_margin_phone=\u00a0\u00bb|2vh|1vh|2vh|false|true\u00a0\u00bb custom_margin_last_edited=\u00a0\u00bbon|phone\u00a0\u00bb global_colors_info=\u00a0\u00bb{}\u00a0\u00bb][\/et_pb_divider][et_pb_text _builder_version=\u00a0\u00bb4.26.0&Prime; _module_preset=\u00a0\u00bbdefault\u00a0\u00bb text_text_color=\u00a0\u00bb#FFFFFF\u00a0\u00bb custom_margin=\u00a0\u00bb||5vh|10vh|false|false\u00a0\u00bb custom_margin_tablet=\u00a0\u00bb||5vh|10vh|false|false\u00a0\u00bb custom_margin_phone=\u00a0\u00bb|2vh|25vh|2vh|false|true\u00a0\u00bb custom_margin_last_edited=\u00a0\u00bbon|phone\u00a0\u00bb text_font_size_tablet=\u00a0\u00bb25px\u00a0\u00bb global_colors_info=\u00a0\u00bb{}\u00a0\u00bb]<p>Vous cherchez les r\u00e9sultats d&rsquo;examens en lien avec une consultation effectu\u00e9e par notre centre ? Merci d&rsquo;utiliser le formulaire ci-dessous. En cas de doute de notre part, nous nous permettrons de prendre contact avec le-a patient-e pour demander la raison de cette demande conform\u00e9ment \u00e0 notre politique de transmission et de stockage des donn\u00e9es m\u00e9dicales.<\/p>[\/et_pb_text][\/et_pb_column][et_pb_column type=\u00a0\u00bb1_2&Prime; _builder_version=\u00a0\u00bb4.26.0&Prime; _module_preset=\u00a0\u00bbdefault\u00a0\u00bb global_colors_info=\u00a0\u00bb{}\u00a0\u00bb][\/et_pb_column][\/et_pb_row][et_pb_row column_structure=\u00a0\u00bb1_2,1_2&Prime; _builder_version=\u00a0\u00bb4.26.0&Prime; _module_preset=\u00a0\u00bbdefault\u00a0\u00bb width=\u00a0\u00bb100%\u00a0\u00bb max_width=\u00a0\u00bb2560px\u00a0\u00bb custom_margin=\u00a0\u00bb0px||0px||true|false\u00a0\u00bb custom_padding=\u00a0\u00bb0px||0px||true|false\u00a0\u00bb global_colors_info=\u00a0\u00bb{}\u00a0\u00bb][et_pb_column type=\u00a0\u00bb1_2&Prime; _builder_version=\u00a0\u00bb4.26.0&Prime; _module_preset=\u00a0\u00bbdefault\u00a0\u00bb global_colors_info=\u00a0\u00bb{}\u00a0\u00bb][\/et_pb_column][et_pb_column type=\u00a0\u00bb1_2&Prime; _builder_version=\u00a0\u00bb4.26.0&Prime; _module_preset=\u00a0\u00bbdefault\u00a0\u00bb global_colors_info=\u00a0\u00bb{}\u00a0\u00bb][et_pb_image src=\u00a0\u00bbhttps:\/\/drvincentvilla.ch\/wp-content\/uploads\/2024\/07\/pri2-2.png\u00a0\u00bb show_bottom_space=\u00a0\u00bboff\u00a0\u00bb align=\u00a0\u00bbright\u00a0\u00bb _builder_version=\u00a0\u00bb4.27.0&Prime; _module_preset=\u00a0\u00bbdefault\u00a0\u00bb transform_translate=\u00a0\u00bb0px|112px\u00a0\u00bb transform_translate_linked=\u00a0\u00bboff\u00a0\u00bb max_width=\u00a0\u00bb70%\u00a0\u00bb max_width_tablet=\u00a0\u00bb70%\u00a0\u00bb max_width_phone=\u00a0\u00bb100%\u00a0\u00bb max_width_last_edited=\u00a0\u00bbon|phone\u00a0\u00bb module_alignment=\u00a0\u00bbright\u00a0\u00bb max_height=\u00a0\u00bb688px\u00a0\u00bb custom_margin=\u00a0\u00bb-400px||||false|false\u00a0\u00bb custom_padding=\u00a0\u00bb|10vh|0vh||false|false\u00a0\u00bb custom_padding_tablet=\u00a0\u00bb|10vh|0vh||false|false\u00a0\u00bb custom_padding_phone=\u00a0\u00bb|10vh|0vh|10vh|false|false\u00a0\u00bb custom_padding_last_edited=\u00a0\u00bbon|phone\u00a0\u00bb animation_style=\u00a0\u00bbfade\u00a0\u00bb hover_enabled=\u00a0\u00bb0&Prime; border_radii=\u00a0\u00bbon|45px|45px|45px|45px\u00a0\u00bb border_width_all=\u00a0\u00bb3px\u00a0\u00bb border_color_all=\u00a0\u00bb#FFFFFF\u00a0\u00bb global_colors_info=\u00a0\u00bb{}\u00a0\u00bb custom_margin_last_edited=\u00a0\u00bbon|phone\u00a0\u00bb custom_margin_tablet=\u00a0\u00bb-130px||||false|false\u00a0\u00bb sticky_enabled=\u00a0\u00bb0&Prime; custom_margin_phone=\u00a0\u00bb-130px||||false|false\u00a0\u00bb][\/et_pb_image][\/et_pb_column][\/et_pb_row][\/et_pb_section][et_pb_section fb_built=\u00a0\u00bb1&Prime; _builder_version=\u00a0\u00bb4.26.0&Prime; _module_preset=\u00a0\u00bbdefault\u00a0\u00bb background_color=\u00a0\u00bb#000000&Prime; custom_padding=\u00a0\u00bb0px||10px||false|false\u00a0\u00bb global_colors_info=\u00a0\u00bb{}\u00a0\u00bb][et_pb_row _builder_version=\u00a0\u00bb4.26.0&Prime; _module_preset=\u00a0\u00bbdefault\u00a0\u00bb background_color=\u00a0\u00bb#1b2e44&Prime; width=\u00a0\u00bb99%\u00a0\u00bb max_width=\u00a0\u00bb2560px\u00a0\u00bb module_alignment=\u00a0\u00bbright\u00a0\u00bb custom_padding=\u00a0\u00bb15vh||||false|false\u00a0\u00bb border_radii=\u00a0\u00bboff|45px|||45px\u00a0\u00bb global_colors_info=\u00a0\u00bb{}\u00a0\u00bb][et_pb_column type=\u00a0\u00bb4_4&Prime; _builder_version=\u00a0\u00bb4.26.0&Prime; _module_preset=\u00a0\u00bbdefault\u00a0\u00bb global_colors_info=\u00a0\u00bb{}\u00a0\u00bb][et_pb_text _builder_version=\u00a0\u00bb4.26.0&Prime; _module_preset=\u00a0\u00bbdefault\u00a0\u00bb header_2_font=\u00a0\u00bbGotham medium||||||||\u00a0\u00bb custom_margin=\u00a0\u00bb12vh|26vh|0px|26vh|false|true\u00a0\u00bb custom_margin_tablet=\u00a0\u00bb12vh|26vh|0px|26vh|false|true\u00a0\u00bb custom_margin_phone=\u00a0\u00bb|2vh||2vh|false|true\u00a0\u00bb custom_margin_last_edited=\u00a0\u00bbon|phone\u00a0\u00bb global_colors_info=\u00a0\u00bb{}\u00a0\u00bb]<h2><span style=\"color: #ffffff;\">Formulaire pour les demandes de documents<br \/>pour vos patients<\/span><\/h2>[\/et_pb_text][et_pb_wpt_contact_form_7 contact_form_id=\u00a0\u00bbcf7-29092&Prime; text_select_custom_padding=\u00a0\u00bb2vh|16px|2vh|16px|false|false\u00a0\u00bb text_select_bg_color=\u00a0\u00bb#FFFFFF\u00a0\u00bb column_custom_margin=\u00a0\u00bb0|0|2px|0|false|false\u00a0\u00bb text_select_custom_padding_tablet=\u00a0\u00bb2vh|16px|2vh|16px|false|false\u00a0\u00bb text_select_custom_padding_phone=\u00a0\u00bb0.5vh||0.5vh||true|false\u00a0\u00bb text_select_custom_padding_last_edited=\u00a0\u00bbon|phone\u00a0\u00bb _builder_version=\u00a0\u00bb4.26.0&Prime; _module_preset=\u00a0\u00bbdefault\u00a0\u00bb label_text_color=\u00a0\u00bbRGBA(255,255,255,0)\u00a0\u00bb radio_checkbox_options_label_font=\u00a0\u00bb|700|||||||\u00a0\u00bb radio_checkbox_options_label_text_color=\u00a0\u00bb#FFFFFF\u00a0\u00bb acceptance_field_label_font=\u00a0\u00bb|700|||||||\u00a0\u00bb acceptance_field_label_text_color=\u00a0\u00bb#000000&Prime; text_select_font=\u00a0\u00bb|700|||||||\u00a0\u00bb text_select_text_color=\u00a0\u00bb#000000&Prime; text_select_font_size=\u00a0\u00bb17px\u00a0\u00bb custom_form_button=\u00a0\u00bbon\u00a0\u00bb form_button_text_size=\u00a0\u00bb17px\u00a0\u00bb form_button_text_color=\u00a0\u00bb#FFFFFF\u00a0\u00bb form_button_bg_color=\u00a0\u00bbRGBA(255,255,255,0)\u00a0\u00bb form_button_border_width=\u00a0\u00bb1px\u00a0\u00bb form_button_alignment=\u00a0\u00bbright\u00a0\u00bb form_button_custom_padding=\u00a0\u00bb|5vw||5vw|false|true\u00a0\u00bb custom_margin=\u00a0\u00bb0px|23vh||23vh|false|true\u00a0\u00bb custom_margin_tablet=\u00a0\u00bb0px|23vh||23vh|false|true\u00a0\u00bb custom_margin_phone=\u00a0\u00bb|2vh||2vh|false|true\u00a0\u00bb custom_margin_last_edited=\u00a0\u00bbon|phone\u00a0\u00bb custom_padding=\u00a0\u00bb|30px|30px|30px|false|false\u00a0\u00bb custom_padding_tablet=\u00a0\u00bb|30px|30px|30px|false|false\u00a0\u00bb custom_padding_phone=\u00a0\u00bb|0px||0px|false|true\u00a0\u00bb custom_padding_last_edited=\u00a0\u00bbon|phone\u00a0\u00bb global_colors_info=\u00a0\u00bb{}\u00a0\u00bb form_button_bg_color__hover_enabled=\u00a0\u00bboff|hover\u00a0\u00bb form_button_custom_padding__hover_enabled=\u00a0\u00bbon|hover\u00a0\u00bb form_button_custom_padding__hover=\u00a0\u00bb|5vw||5vw|false|true\u00a0\u00bb][\/et_pb_wpt_contact_form_7][\/et_pb_column][\/et_pb_row][\/et_pb_section]\n","protected":false},"excerpt":{"rendered":"<p>Demander les r\u00e9sultats d&rsquo;examen de vos patients-es trait\u00e9s au Centre Ost\u00e9o ArticulaireVous cherchez les r\u00e9sultats d&rsquo;examens en lien avec une consultation effectu\u00e9e par notre centre ? Merci d&rsquo;utiliser le formulaire ci-dessous. En cas de doute de notre part, nous nous permettrons de prendre contact avec le-a patient-e pour demander la raison de cette demande conform\u00e9ment [&hellip;]<\/p>\n","protected":false},"author":4,"featured_media":0,"parent":29012,"menu_order":0,"comment_status":"closed","ping_status":"closed","template":"","meta":{"_et_pb_use_builder":"on","_et_pb_old_content":"","_et_gb_content_width":"","footnotes":""},"class_list":["post-29021","page","type-page","status-publish","hentry"],"yoast_head":"<!-- This site is optimized with the Yoast SEO plugin v27.5 - https:\/\/yoast.com\/product\/yoast-seo-wordpress\/ -->\n<title>R\u00e9sultat d\u2019examen de vos patients - Dr Vincent Villa - Chirurgien orthop\u00e9diste<\/title>\n<meta name=\"description\" content=\"Pour obtenir les r\u00e9sultats d&#039;examen de vos patients trait\u00e9s au Centre Ost\u00e9o Articulaire, veuillez utiliser le formulaire pr\u00e9vu \u00e0 cet effet. En cas de doute, nous contacterons le patient pour v\u00e9rifier la demande conform\u00e9ment \u00e0 notre politique de donn\u00e9es m\u00e9dicales.\" \/>\n<meta name=\"robots\" content=\"index, follow, max-snippet:-1, max-image-preview:large, max-video-preview:-1\" \/>\n<link rel=\"canonical\" href=\"https:\/\/drvincentvilla.ch\/en\/pros-de-la-sante\/resultat-dexamen-de-vos-patients\/\" \/>\n<meta property=\"og:locale\" content=\"en_GB\" \/>\n<meta property=\"og:type\" content=\"article\" \/>\n<meta property=\"og:title\" content=\"R\u00e9sultat d\u2019examen de vos patients - Dr Vincent Villa - Chirurgien orthop\u00e9diste\" \/>\n<meta property=\"og:description\" content=\"Pour obtenir les r\u00e9sultats d&#039;examen de vos patients trait\u00e9s au Centre Ost\u00e9o Articulaire, veuillez utiliser le formulaire pr\u00e9vu \u00e0 cet effet. En cas de doute, nous contacterons le patient pour v\u00e9rifier la demande conform\u00e9ment \u00e0 notre politique de donn\u00e9es m\u00e9dicales.\" \/>\n<meta property=\"og:url\" content=\"https:\/\/drvincentvilla.ch\/en\/pros-de-la-sante\/resultat-dexamen-de-vos-patients\/\" \/>\n<meta property=\"og:site_name\" content=\"Dr Vincent Villa - Chirurgien orthop\u00e9diste\" \/>\n<meta property=\"article:modified_time\" content=\"2024-08-23T07:41:02+00:00\" \/>\n<meta name=\"twitter:card\" content=\"summary_large_image\" \/>\n<meta name=\"twitter:label1\" content=\"Estimated reading time\" \/>\n\t<meta name=\"twitter:data1\" content=\"1 minute\" \/>\n<script type=\"application\/ld+json\" class=\"yoast-schema-graph\">{\"@context\":\"https:\\\/\\\/schema.org\",\"@graph\":[{\"@type\":\"WebPage\",\"@id\":\"https:\\\/\\\/drvincentvilla.ch\\\/pros-de-la-sante\\\/resultat-dexamen-de-vos-patients\\\/\",\"url\":\"https:\\\/\\\/drvincentvilla.ch\\\/pros-de-la-sante\\\/resultat-dexamen-de-vos-patients\\\/\",\"name\":\"R\u00e9sultat d\u2019examen de vos patients - Dr Vincent Villa - Chirurgien orthop\u00e9diste\",\"isPartOf\":{\"@id\":\"https:\\\/\\\/drvincentvilla.ch\\\/#website\"},\"datePublished\":\"2024-07-08T12:17:44+00:00\",\"dateModified\":\"2024-08-23T07:41:02+00:00\",\"description\":\"Pour obtenir les r\u00e9sultats d'examen de vos patients trait\u00e9s au Centre Ost\u00e9o Articulaire, veuillez utiliser le formulaire pr\u00e9vu \u00e0 cet effet. En cas de doute, nous contacterons le patient pour v\u00e9rifier la demande conform\u00e9ment \u00e0 notre politique de donn\u00e9es m\u00e9dicales.\",\"breadcrumb\":{\"@id\":\"https:\\\/\\\/drvincentvilla.ch\\\/pros-de-la-sante\\\/resultat-dexamen-de-vos-patients\\\/#breadcrumb\"},\"inLanguage\":\"en-GB\",\"potentialAction\":[{\"@type\":\"ReadAction\",\"target\":[\"https:\\\/\\\/drvincentvilla.ch\\\/pros-de-la-sante\\\/resultat-dexamen-de-vos-patients\\\/\"]}]},{\"@type\":\"BreadcrumbList\",\"@id\":\"https:\\\/\\\/drvincentvilla.ch\\\/pros-de-la-sante\\\/resultat-dexamen-de-vos-patients\\\/#breadcrumb\",\"itemListElement\":[{\"@type\":\"ListItem\",\"position\":1,\"name\":\"Accueil\",\"item\":\"https:\\\/\\\/drvincentvilla.ch\\\/\"},{\"@type\":\"ListItem\",\"position\":2,\"name\":\"Pros de la sant\u00e9\",\"item\":\"https:\\\/\\\/drvincentvilla.ch\\\/pros-de-la-sante\\\/\"},{\"@type\":\"ListItem\",\"position\":3,\"name\":\"R\u00e9sultat d\u2019examen de vos patients\"}]},{\"@type\":\"WebSite\",\"@id\":\"https:\\\/\\\/drvincentvilla.ch\\\/#website\",\"url\":\"https:\\\/\\\/drvincentvilla.ch\\\/\",\"name\":\"Dr Vincent Villa - Chirurgien orthop\u00e9diste\",\"description\":\"Le patient d&#039;abord\",\"potentialAction\":[{\"@type\":\"SearchAction\",\"target\":{\"@type\":\"EntryPoint\",\"urlTemplate\":\"https:\\\/\\\/drvincentvilla.ch\\\/?s={search_term_string}\"},\"query-input\":{\"@type\":\"PropertyValueSpecification\",\"valueRequired\":true,\"valueName\":\"search_term_string\"}}],\"inLanguage\":\"en-GB\"}]}<\/script>\n<!-- \/ Yoast SEO plugin. -->","yoast_head_json":{"title":"R\u00e9sultat d\u2019examen de vos patients - Dr Vincent Villa - Chirurgien orthop\u00e9diste","description":"Pour obtenir les r\u00e9sultats d'examen de vos patients trait\u00e9s au Centre Ost\u00e9o Articulaire, veuillez utiliser le formulaire pr\u00e9vu \u00e0 cet effet. En cas de doute, nous contacterons le patient pour v\u00e9rifier la demande conform\u00e9ment \u00e0 notre politique de donn\u00e9es m\u00e9dicales.","robots":{"index":"index","follow":"follow","max-snippet":"max-snippet:-1","max-image-preview":"max-image-preview:large","max-video-preview":"max-video-preview:-1"},"canonical":"https:\/\/drvincentvilla.ch\/en\/pros-de-la-sante\/resultat-dexamen-de-vos-patients\/","og_locale":"en_GB","og_type":"article","og_title":"R\u00e9sultat d\u2019examen de vos patients - Dr Vincent Villa - Chirurgien orthop\u00e9diste","og_description":"Pour obtenir les r\u00e9sultats d'examen de vos patients trait\u00e9s au Centre Ost\u00e9o Articulaire, veuillez utiliser le formulaire pr\u00e9vu \u00e0 cet effet. En cas de doute, nous contacterons le patient pour v\u00e9rifier la demande conform\u00e9ment \u00e0 notre politique de donn\u00e9es m\u00e9dicales.","og_url":"https:\/\/drvincentvilla.ch\/en\/pros-de-la-sante\/resultat-dexamen-de-vos-patients\/","og_site_name":"Dr Vincent Villa - Chirurgien orthop\u00e9diste","article_modified_time":"2024-08-23T07:41:02+00:00","twitter_card":"summary_large_image","twitter_misc":{"Estimated reading time":"1 minute"},"schema":{"@context":"https:\/\/schema.org","@graph":[{"@type":"WebPage","@id":"https:\/\/drvincentvilla.ch\/pros-de-la-sante\/resultat-dexamen-de-vos-patients\/","url":"https:\/\/drvincentvilla.ch\/pros-de-la-sante\/resultat-dexamen-de-vos-patients\/","name":"R\u00e9sultat d\u2019examen de vos patients - Dr Vincent Villa - Chirurgien orthop\u00e9diste","isPartOf":{"@id":"https:\/\/drvincentvilla.ch\/#website"},"datePublished":"2024-07-08T12:17:44+00:00","dateModified":"2024-08-23T07:41:02+00:00","description":"Pour obtenir les r\u00e9sultats d'examen de vos patients trait\u00e9s au Centre Ost\u00e9o Articulaire, veuillez utiliser le formulaire pr\u00e9vu \u00e0 cet effet. En cas de doute, nous contacterons le patient pour v\u00e9rifier la demande conform\u00e9ment \u00e0 notre politique de donn\u00e9es m\u00e9dicales.","breadcrumb":{"@id":"https:\/\/drvincentvilla.ch\/pros-de-la-sante\/resultat-dexamen-de-vos-patients\/#breadcrumb"},"inLanguage":"en-GB","potentialAction":[{"@type":"ReadAction","target":["https:\/\/drvincentvilla.ch\/pros-de-la-sante\/resultat-dexamen-de-vos-patients\/"]}]},{"@type":"BreadcrumbList","@id":"https:\/\/drvincentvilla.ch\/pros-de-la-sante\/resultat-dexamen-de-vos-patients\/#breadcrumb","itemListElement":[{"@type":"ListItem","position":1,"name":"Accueil","item":"https:\/\/drvincentvilla.ch\/"},{"@type":"ListItem","position":2,"name":"Pros de la sant\u00e9","item":"https:\/\/drvincentvilla.ch\/pros-de-la-sante\/"},{"@type":"ListItem","position":3,"name":"R\u00e9sultat d\u2019examen de vos patients"}]},{"@type":"WebSite","@id":"https:\/\/drvincentvilla.ch\/#website","url":"https:\/\/drvincentvilla.ch\/","name":"Dr Vincent Villa - Chirurgien orthop\u00e9diste","description":"Le patient d&#039;abord","potentialAction":[{"@type":"SearchAction","target":{"@type":"EntryPoint","urlTemplate":"https:\/\/drvincentvilla.ch\/?s={search_term_string}"},"query-input":{"@type":"PropertyValueSpecification","valueRequired":true,"valueName":"search_term_string"}}],"inLanguage":"en-GB"}]}},"_links":{"self":[{"href":"https:\/\/drvincentvilla.ch\/en\/wp-json\/wp\/v2\/pages\/29021","targetHints":{"allow":["GET"]}}],"collection":[{"href":"https:\/\/drvincentvilla.ch\/en\/wp-json\/wp\/v2\/pages"}],"about":[{"href":"https:\/\/drvincentvilla.ch\/en\/wp-json\/wp\/v2\/types\/page"}],"author":[{"embeddable":true,"href":"https:\/\/drvincentvilla.ch\/en\/wp-json\/wp\/v2\/users\/4"}],"replies":[{"embeddable":true,"href":"https:\/\/drvincentvilla.ch\/en\/wp-json\/wp\/v2\/comments?post=29021"}],"version-history":[{"count":7,"href":"https:\/\/drvincentvilla.ch\/en\/wp-json\/wp\/v2\/pages\/29021\/revisions"}],"predecessor-version":[{"id":30086,"href":"https:\/\/drvincentvilla.ch\/en\/wp-json\/wp\/v2\/pages\/29021\/revisions\/30086"}],"up":[{"embeddable":true,"href":"https:\/\/drvincentvilla.ch\/en\/wp-json\/wp\/v2\/pages\/29012"}],"wp:attachment":[{"href":"https:\/\/drvincentvilla.ch\/en\/wp-json\/wp\/v2\/media?parent=29021"}],"curies":[{"name":"wp","href":"https:\/\/api.w.org\/{rel}","templated":true}]}}