{"id":29035,"date":"2024-07-08T14:19:50","date_gmt":"2024-07-08T12:19:50","guid":{"rendered":"https:\/\/centreliv.yetinc.ch\/?page_id=29035"},"modified":"2025-12-01T08:34:52","modified_gmt":"2025-12-01T07:34:52","slug":"carriere","status":"publish","type":"page","link":"https:\/\/drvincentvilla.ch\/en\/entreprise\/carriere\/","title":{"rendered":"Career"},"content":{"rendered":"<p>[et_pb_section fb_built=\u00a0\u00bb1&Prime; _builder_version=\u00a0\u00bb4.26.1&Prime; _module_preset=\u00a0\u00bbdefault\u00a0\u00bb background_color=\u00a0\u00bb#000000&Prime; custom_padding=\u00a0\u00bb10px||10px||false|false\u00a0\u00bb global_colors_info=\u00a0\u00bb{}\u00a0\u00bb][et_pb_row column_structure=\u00a0\u00bb1_2,1_2&Prime; _builder_version=\u00a0\u00bb4.26.1&Prime; _module_preset=\u00a0\u00bbdefault\u00a0\u00bb background_color=\u00a0\u00bb#1b2e44&Prime; width=\u00a0\u00bb99%\u00a0\u00bb max_width=\u00a0\u00bb2560px\u00a0\u00bb module_alignment=\u00a0\u00bbright\u00a0\u00bb custom_padding=\u00a0\u00bb6vh||6vh||true|false\u00a0\u00bb border_radii=\u00a0\u00bboff|45px|||45px\u00a0\u00bb global_colors_info=\u00a0\u00bb{}\u00a0\u00bb][et_pb_column type=\u00a0\u00bb1_2&Prime; _builder_version=\u00a0\u00bb4.26.0&Prime; _module_preset=\u00a0\u00bbdefault\u00a0\u00bb global_colors_info=\u00a0\u00bb{}\u00a0\u00bb][et_pb_text _builder_version=\u00a0\u00bb4.26.1&Prime; _module_preset=\u00a0\u00bbdefault\u00a0\u00bb header_font_size=\u00a0\u00bb42px\u00a0\u00bb custom_margin=\u00a0\u00bb25vh||2vh|10vh|false|false\u00a0\u00bb custom_margin_tablet=\u00a0\u00bb25vh||2vh|10vh|false|false\u00a0\u00bb custom_margin_phone=\u00a0\u00bb21vh||2vh|2vh|false|false\u00a0\u00bb custom_margin_last_edited=\u00a0\u00bbon|phone\u00a0\u00bb header_font_size_tablet=\u00a0\u00bb42px\u00a0\u00bb global_colors_info=\u00a0\u00bb{}\u00a0\u00bb]<\/p>\n<h1><span style=\"color: #ffffff;\">Nos offres d&#8217;emploi<\/span><\/h1>\n<p>[\/et_pb_text][et_pb_divider color=\u00a0\u00bb#FFFFFF\u00a0\u00bb divider_weight=\u00a0\u00bb3px\u00a0\u00bb _builder_version=\u00a0\u00bb4.26.1&Prime; _module_preset=\u00a0\u00bbdefault\u00a0\u00bb max_width=\u00a0\u00bb75%\u00a0\u00bb custom_margin=\u00a0\u00bb||14vh|10vh|false|false\u00a0\u00bb custom_margin_tablet=\u00a0\u00bb||2vh|10vh|false|false\u00a0\u00bb custom_margin_phone=\u00a0\u00bb||0vh|2vh|false|false\u00a0\u00bb custom_margin_last_edited=\u00a0\u00bbon|phone\u00a0\u00bb global_colors_info=\u00a0\u00bb{}\u00a0\u00bb][\/et_pb_divider][\/et_pb_column][et_pb_column type=\u00a0\u00bb1_2&Prime; _builder_version=\u00a0\u00bb4.26.0&Prime; _module_preset=\u00a0\u00bbdefault\u00a0\u00bb global_colors_info=\u00a0\u00bb{}\u00a0\u00bb][\/et_pb_column][\/et_pb_row][et_pb_row column_structure=\u00a0\u00bb1_3,1_3,1_3&Prime; _builder_version=\u00a0\u00bb4.26.0&Prime; _module_preset=\u00a0\u00bbdefault\u00a0\u00bb width=\u00a0\u00bb100%\u00a0\u00bb max_width=\u00a0\u00bb2560px\u00a0\u00bb custom_margin=\u00a0\u00bb0px||0px||true|false\u00a0\u00bb custom_padding=\u00a0\u00bb0px||0px||true|false\u00a0\u00bb locked=\u00a0\u00bboff\u00a0\u00bb global_colors_info=\u00a0\u00bb{}\u00a0\u00bb][et_pb_column type=\u00a0\u00bb1_3&Prime; _builder_version=\u00a0\u00bb4.26.0&Prime; _module_preset=\u00a0\u00bbdefault\u00a0\u00bb global_colors_info=\u00a0\u00bb{}\u00a0\u00bb][\/et_pb_column][et_pb_column type=\u00a0\u00bb1_3&Prime; _builder_version=\u00a0\u00bb4.26.1&Prime; _module_preset=\u00a0\u00bbdefault\u00a0\u00bb global_colors_info=\u00a0\u00bb{}\u00a0\u00bb][\/et_pb_column][et_pb_column type=\u00a0\u00bb1_3&Prime; _builder_version=\u00a0\u00bb4.26.0&Prime; _module_preset=\u00a0\u00bbdefault\u00a0\u00bb global_colors_info=\u00a0\u00bb{}\u00a0\u00bb][et_pb_image src=\u00a0\u00bbhttps:\/\/drvincentvilla.ch\/wp-content\/uploads\/2024\/07\/Villa.jpg\u00a0\u00bb title_text=\u00a0\u00bbVilla\u00a0\u00bb show_bottom_space=\u00a0\u00bboff\u00a0\u00bb align=\u00a0\u00bbright\u00a0\u00bb align_tablet=\u00a0\u00bbcenter\u00a0\u00bb align_phone=\u00a0\u00bbcenter\u00a0\u00bb align_last_edited=\u00a0\u00bbon|tablet\u00a0\u00bb _builder_version=\u00a0\u00bb4.27.0&Prime; _module_preset=\u00a0\u00bbdefault\u00a0\u00bb transform_translate=\u00a0\u00bb0px|112px\u00a0\u00bb transform_translate_linked=\u00a0\u00bboff\u00a0\u00bb max_width=\u00a0\u00bb70%\u00a0\u00bb max_width_tablet=\u00a0\u00bb70%\u00a0\u00bb max_width_phone=\u00a0\u00bb100%\u00a0\u00bb max_width_last_edited=\u00a0\u00bbon|phone\u00a0\u00bb module_alignment=\u00a0\u00bbright\u00a0\u00bb max_height=\u00a0\u00bb688px\u00a0\u00bb custom_margin=\u00a0\u00bb-396px||||false|false\u00a0\u00bb custom_margin_tablet=\u00a0\u00bb-50px||||false|false\u00a0\u00bb custom_margin_phone=\u00a0\u00bb-40px||||false|false\u00a0\u00bb custom_margin_last_edited=\u00a0\u00bbon|phone\u00a0\u00bb custom_padding=\u00a0\u00bb|10vh|0vh||false|false\u00a0\u00bb custom_padding_tablet=\u00a0\u00bb|10vh|0vh||false|false\u00a0\u00bb custom_padding_phone=\u00a0\u00bb|7vh|0vh|7vh|false|true\u00a0\u00bb custom_padding_last_edited=\u00a0\u00bbon|phone\u00a0\u00bb animation_style=\u00a0\u00bbfade\u00a0\u00bb border_radii=\u00a0\u00bbon|45px|45px|45px|45px\u00a0\u00bb border_width_all=\u00a0\u00bb3px\u00a0\u00bb border_color_all=\u00a0\u00bb#FFFFFF\u00a0\u00bb global_colors_info=\u00a0\u00bb{}\u00a0\u00bb][\/et_pb_image][\/et_pb_column][\/et_pb_row][\/et_pb_section][et_pb_section fb_built=\u00a0\u00bb1&Prime; _builder_version=\u00a0\u00bb4.26.1&Prime; _module_preset=\u00a0\u00bbdefault\u00a0\u00bb background_color=\u00a0\u00bb#000000&Prime; custom_padding=\u00a0\u00bb10px||10px||false|false\u00a0\u00bb global_colors_info=\u00a0\u00bb{}\u00a0\u00bb][et_pb_row custom_padding_last_edited=\u00a0\u00bbon|phone\u00a0\u00bb _builder_version=\u00a0\u00bb4.26.1&Prime; _module_preset=\u00a0\u00bbdefault\u00a0\u00bb background_color=\u00a0\u00bb#202020&Prime; width=\u00a0\u00bb99%\u00a0\u00bb max_width=\u00a0\u00bb2560px\u00a0\u00bb module_alignment=\u00a0\u00bbright\u00a0\u00bb custom_margin=\u00a0\u00bb||0px||false|false\u00a0\u00bb custom_margin_tablet=\u00a0\u00bb||0px||false|false\u00a0\u00bb custom_margin_phone=\u00a0\u00bb||0px||false|false\u00a0\u00bb custom_margin_last_edited=\u00a0\u00bbon|phone\u00a0\u00bb custom_padding=\u00a0\u00bb10vh|10vh||10vh|false|false\u00a0\u00bb custom_padding_tablet=\u00a0\u00bb10vh|10vh||10vh|false|false\u00a0\u00bb custom_padding_phone=\u00a0\u00bb10vh|5vh|0px|5vh|false|true\u00a0\u00bb border_radii=\u00a0\u00bboff|45px|||\u00a0\u00bb global_colors_info=\u00a0\u00bb{}\u00a0\u00bb][et_pb_column type=\u00a0\u00bb4_4&Prime; _builder_version=\u00a0\u00bb4.26.0&Prime; _module_preset=\u00a0\u00bbdefault\u00a0\u00bb global_colors_info=\u00a0\u00bb{}\u00a0\u00bb][et_pb_post_slider include_categories=\u00a0\u00bb33&Prime; more_text=\u00a0\u00bbPostuler\u00a0\u00bb use_manual_excerpt=\u00a0\u00bboff\u00a0\u00bb excerpt_length=\u00a0\u00bb0&Prime; show_meta=\u00a0\u00bboff\u00a0\u00bb _builder_version=\u00a0\u00bb4.27.4&Prime; _module_preset=\u00a0\u00bbdefault\u00a0\u00bb background_color=\u00a0\u00bb#000000&Prime; background_image=\u00a0\u00bbhttps:\/\/drvincentvilla.ch\/wp-content\/uploads\/2024\/07\/milad-fakurian-t55GeRpETn0-unsplash-scaled.jpg\u00a0\u00bb hover_enabled=\u00a0\u00bb0&Prime; border_radii=\u00a0\u00bbon|45px|45px|45px|45px\u00a0\u00bb border_width_all=\u00a0\u00bb3px\u00a0\u00bb border_color_all=\u00a0\u00bb#FFFFFF\u00a0\u00bb global_colors_info=\u00a0\u00bb{}\u00a0\u00bb disabled_on=\u00a0\u00bbon|on|on\u00a0\u00bb disabled=\u00a0\u00bbon\u00a0\u00bb sticky_enabled=\u00a0\u00bb0&Prime;][\/et_pb_post_slider][et_pb_text _builder_version=\u00a0\u00bb4.27.4&Prime; _module_preset=\u00a0\u00bbdefault\u00a0\u00bb text_text_color=\u00a0\u00bb#FFFFFF\u00a0\u00bb hover_enabled=\u00a0\u00bb0&Prime; sticky_enabled=\u00a0\u00bb0&Prime;]<\/p>\n<p style=\"text-align: center;\">Pas de poste vacant<\/p>\n<p>[\/et_pb_text][\/et_pb_column][\/et_pb_row][\/et_pb_section]<\/p>\n","protected":false},"excerpt":{"rendered":"<p>Nos offres d&#8217;emploiPas de poste vacant<\/p>","protected":false},"author":4,"featured_media":0,"parent":29033,"menu_order":0,"comment_status":"closed","ping_status":"closed","template":"","meta":{"_et_pb_use_builder":"on","_et_pb_old_content":"","_et_gb_content_width":"","footnotes":""},"class_list":["post-29035","page","type-page","status-publish","hentry"],"yoast_head":"<!-- This site is optimized with the Yoast SEO plugin v27.5 - https:\/\/yoast.com\/product\/yoast-seo-wordpress\/ -->\n<title>Carri\u00e8re - Dr Vincent Villa - Chirurgien orthop\u00e9diste<\/title>\n<meta name=\"description\" content=\"Explorez les offres d&#039;emploi chez LIV ORTHO et rejoignez notre \u00e9quipe d\u00e9di\u00e9e \u00e0 l&#039;excellence m\u00e9dicale. D\u00e9couvrez les opportunit\u00e9s de carri\u00e8re au sein de notre centre sp\u00e9cialis\u00e9 en orthop\u00e9die.\" \/>\n<meta name=\"robots\" content=\"index, follow, max-snippet:-1, max-image-preview:large, max-video-preview:-1\" \/>\n<link rel=\"canonical\" href=\"https:\/\/drvincentvilla.ch\/en\/entreprise\/carriere\/\" \/>\n<meta property=\"og:locale\" content=\"en_GB\" \/>\n<meta property=\"og:type\" content=\"article\" \/>\n<meta property=\"og:title\" content=\"Carri\u00e8re - Dr Vincent Villa - Chirurgien orthop\u00e9diste\" \/>\n<meta property=\"og:description\" content=\"Explorez les offres d&#039;emploi chez LIV ORTHO et rejoignez notre \u00e9quipe d\u00e9di\u00e9e \u00e0 l&#039;excellence m\u00e9dicale. D\u00e9couvrez les opportunit\u00e9s de carri\u00e8re au sein de notre centre sp\u00e9cialis\u00e9 en orthop\u00e9die.\" \/>\n<meta property=\"og:url\" content=\"https:\/\/drvincentvilla.ch\/en\/entreprise\/carriere\/\" \/>\n<meta property=\"og:site_name\" content=\"Dr Vincent Villa - Chirurgien orthop\u00e9diste\" \/>\n<meta property=\"article:modified_time\" content=\"2025-12-01T07:34:52+00:00\" \/>\n<meta name=\"twitter:card\" content=\"summary_large_image\" \/>\n<meta name=\"twitter:label1\" content=\"Estimated reading time\" \/>\n\t<meta name=\"twitter:data1\" content=\"1 minute\" \/>\n<script type=\"application\/ld+json\" class=\"yoast-schema-graph\">{\"@context\":\"https:\\\/\\\/schema.org\",\"@graph\":[{\"@type\":\"WebPage\",\"@id\":\"https:\\\/\\\/drvincentvilla.ch\\\/entreprise\\\/carriere\\\/\",\"url\":\"https:\\\/\\\/drvincentvilla.ch\\\/entreprise\\\/carriere\\\/\",\"name\":\"Carri\u00e8re - Dr Vincent Villa - Chirurgien orthop\u00e9diste\",\"isPartOf\":{\"@id\":\"https:\\\/\\\/drvincentvilla.ch\\\/#website\"},\"datePublished\":\"2024-07-08T12:19:50+00:00\",\"dateModified\":\"2025-12-01T07:34:52+00:00\",\"description\":\"Explorez les offres d'emploi chez LIV ORTHO et rejoignez notre \u00e9quipe d\u00e9di\u00e9e \u00e0 l'excellence m\u00e9dicale. D\u00e9couvrez les opportunit\u00e9s de carri\u00e8re au sein de notre centre sp\u00e9cialis\u00e9 en orthop\u00e9die.\",\"breadcrumb\":{\"@id\":\"https:\\\/\\\/drvincentvilla.ch\\\/entreprise\\\/carriere\\\/#breadcrumb\"},\"inLanguage\":\"en-GB\",\"potentialAction\":[{\"@type\":\"ReadAction\",\"target\":[\"https:\\\/\\\/drvincentvilla.ch\\\/entreprise\\\/carriere\\\/\"]}]},{\"@type\":\"BreadcrumbList\",\"@id\":\"https:\\\/\\\/drvincentvilla.ch\\\/entreprise\\\/carriere\\\/#breadcrumb\",\"itemListElement\":[{\"@type\":\"ListItem\",\"position\":1,\"name\":\"Accueil\",\"item\":\"https:\\\/\\\/drvincentvilla.ch\\\/\"},{\"@type\":\"ListItem\",\"position\":2,\"name\":\"Entreprise\",\"item\":\"https:\\\/\\\/drvincentvilla.ch\\\/entreprise\\\/\"},{\"@type\":\"ListItem\",\"position\":3,\"name\":\"Carri\u00e8re\"}]},{\"@type\":\"WebSite\",\"@id\":\"https:\\\/\\\/drvincentvilla.ch\\\/#website\",\"url\":\"https:\\\/\\\/drvincentvilla.ch\\\/\",\"name\":\"Dr Vincent Villa - Chirurgien orthop\u00e9diste\",\"description\":\"Le patient d&#039;abord\",\"potentialAction\":[{\"@type\":\"SearchAction\",\"target\":{\"@type\":\"EntryPoint\",\"urlTemplate\":\"https:\\\/\\\/drvincentvilla.ch\\\/?s={search_term_string}\"},\"query-input\":{\"@type\":\"PropertyValueSpecification\",\"valueRequired\":true,\"valueName\":\"search_term_string\"}}],\"inLanguage\":\"en-GB\"}]}<\/script>\n<!-- \/ Yoast SEO plugin. -->","yoast_head_json":{"title":"Carri\u00e8re - Dr Vincent Villa - Chirurgien orthop\u00e9diste","description":"Explorez les offres d'emploi chez LIV ORTHO et rejoignez notre \u00e9quipe d\u00e9di\u00e9e \u00e0 l'excellence m\u00e9dicale. D\u00e9couvrez les opportunit\u00e9s de carri\u00e8re au sein de notre centre sp\u00e9cialis\u00e9 en orthop\u00e9die.","robots":{"index":"index","follow":"follow","max-snippet":"max-snippet:-1","max-image-preview":"max-image-preview:large","max-video-preview":"max-video-preview:-1"},"canonical":"https:\/\/drvincentvilla.ch\/en\/entreprise\/carriere\/","og_locale":"en_GB","og_type":"article","og_title":"Carri\u00e8re - Dr Vincent Villa - Chirurgien orthop\u00e9diste","og_description":"Explorez les offres d'emploi chez LIV ORTHO et rejoignez notre \u00e9quipe d\u00e9di\u00e9e \u00e0 l'excellence m\u00e9dicale. D\u00e9couvrez les opportunit\u00e9s de carri\u00e8re au sein de notre centre sp\u00e9cialis\u00e9 en orthop\u00e9die.","og_url":"https:\/\/drvincentvilla.ch\/en\/entreprise\/carriere\/","og_site_name":"Dr Vincent Villa - Chirurgien orthop\u00e9diste","article_modified_time":"2025-12-01T07:34:52+00:00","twitter_card":"summary_large_image","twitter_misc":{"Estimated reading time":"1 minute"},"schema":{"@context":"https:\/\/schema.org","@graph":[{"@type":"WebPage","@id":"https:\/\/drvincentvilla.ch\/entreprise\/carriere\/","url":"https:\/\/drvincentvilla.ch\/entreprise\/carriere\/","name":"Carri\u00e8re - Dr Vincent Villa - Chirurgien orthop\u00e9diste","isPartOf":{"@id":"https:\/\/drvincentvilla.ch\/#website"},"datePublished":"2024-07-08T12:19:50+00:00","dateModified":"2025-12-01T07:34:52+00:00","description":"Explorez les offres d'emploi chez LIV ORTHO et rejoignez notre \u00e9quipe d\u00e9di\u00e9e \u00e0 l'excellence m\u00e9dicale. D\u00e9couvrez les opportunit\u00e9s de carri\u00e8re au sein de notre centre sp\u00e9cialis\u00e9 en orthop\u00e9die.","breadcrumb":{"@id":"https:\/\/drvincentvilla.ch\/entreprise\/carriere\/#breadcrumb"},"inLanguage":"en-GB","potentialAction":[{"@type":"ReadAction","target":["https:\/\/drvincentvilla.ch\/entreprise\/carriere\/"]}]},{"@type":"BreadcrumbList","@id":"https:\/\/drvincentvilla.ch\/entreprise\/carriere\/#breadcrumb","itemListElement":[{"@type":"ListItem","position":1,"name":"Accueil","item":"https:\/\/drvincentvilla.ch\/"},{"@type":"ListItem","position":2,"name":"Entreprise","item":"https:\/\/drvincentvilla.ch\/entreprise\/"},{"@type":"ListItem","position":3,"name":"Carri\u00e8re"}]},{"@type":"WebSite","@id":"https:\/\/drvincentvilla.ch\/#website","url":"https:\/\/drvincentvilla.ch\/","name":"Dr Vincent Villa - Chirurgien orthop\u00e9diste","description":"Le patient d&#039;abord","potentialAction":[{"@type":"SearchAction","target":{"@type":"EntryPoint","urlTemplate":"https:\/\/drvincentvilla.ch\/?s={search_term_string}"},"query-input":{"@type":"PropertyValueSpecification","valueRequired":true,"valueName":"search_term_string"}}],"inLanguage":"en-GB"}]}},"_links":{"self":[{"href":"https:\/\/drvincentvilla.ch\/en\/wp-json\/wp\/v2\/pages\/29035","targetHints":{"allow":["GET"]}}],"collection":[{"href":"https:\/\/drvincentvilla.ch\/en\/wp-json\/wp\/v2\/pages"}],"about":[{"href":"https:\/\/drvincentvilla.ch\/en\/wp-json\/wp\/v2\/types\/page"}],"author":[{"embeddable":true,"href":"https:\/\/drvincentvilla.ch\/en\/wp-json\/wp\/v2\/users\/4"}],"replies":[{"embeddable":true,"href":"https:\/\/drvincentvilla.ch\/en\/wp-json\/wp\/v2\/comments?post=29035"}],"version-history":[{"count":8,"href":"https:\/\/drvincentvilla.ch\/en\/wp-json\/wp\/v2\/pages\/29035\/revisions"}],"predecessor-version":[{"id":35970,"href":"https:\/\/drvincentvilla.ch\/en\/wp-json\/wp\/v2\/pages\/29035\/revisions\/35970"}],"up":[{"embeddable":true,"href":"https:\/\/drvincentvilla.ch\/en\/wp-json\/wp\/v2\/pages\/29033"}],"wp:attachment":[{"href":"https:\/\/drvincentvilla.ch\/en\/wp-json\/wp\/v2\/media?parent=29035"}],"curies":[{"name":"wp","href":"https:\/\/api.w.org\/{rel}","templated":true}]}}