{"id":29964,"date":"2024-08-13T16:10:40","date_gmt":"2024-08-13T14:10:40","guid":{"rendered":"https:\/\/drvincentvilla.ch\/?page_id=29964"},"modified":"2024-08-23T08:58:46","modified_gmt":"2024-08-23T06:58:46","slug":"conference","status":"publish","type":"page","link":"https:\/\/drvincentvilla.ch\/en\/entreprise\/equipe\/dr-vincent-villa\/conference\/","title":{"rendered":"Conference"},"content":{"rendered":"\n[et_pb_section fb_built=\u00a0\u00bb1&Prime; _builder_version=\u00a0\u00bb4.26.1&Prime; _module_preset=\u00a0\u00bbdefault\u00a0\u00bb background_color=\u00a0\u00bb#000000&Prime; custom_padding=\u00a0\u00bb10px||10px||false|false\u00a0\u00bb global_colors_info=\u00a0\u00bb{}\u00a0\u00bb][et_pb_row column_structure=\u00a0\u00bb1_2,1_2&Prime; _builder_version=\u00a0\u00bb4.26.1&Prime; _module_preset=\u00a0\u00bbdefault\u00a0\u00bb background_color=\u00a0\u00bb#1b2e44&Prime; width=\u00a0\u00bb99%\u00a0\u00bb max_width=\u00a0\u00bb2560px\u00a0\u00bb module_alignment=\u00a0\u00bbright\u00a0\u00bb border_radii=\u00a0\u00bboff|45px|||45px\u00a0\u00bb global_colors_info=\u00a0\u00bb{}\u00a0\u00bb][et_pb_column type=\u00a0\u00bb1_2&Prime; _builder_version=\u00a0\u00bb4.26.0&Prime; _module_preset=\u00a0\u00bbdefault\u00a0\u00bb global_colors_info=\u00a0\u00bb{}\u00a0\u00bb][et_pb_text _builder_version=\u00a0\u00bb4.27.0&Prime; _module_preset=\u00a0\u00bbdefault\u00a0\u00bb header_font_size=\u00a0\u00bb42px\u00a0\u00bb custom_margin=\u00a0\u00bb22vh||2vh|10vh|false|false\u00a0\u00bb custom_margin_tablet=\u00a0\u00bb25vh||2vh|10vh|false|false\u00a0\u00bb custom_margin_phone=\u00a0\u00bb25vh|2vh|2vh|2vh|false|false\u00a0\u00bb custom_margin_last_edited=\u00a0\u00bbon|phone\u00a0\u00bb header_font_size_tablet=\u00a0\u00bb42px\u00a0\u00bb global_colors_info=\u00a0\u00bb{}\u00a0\u00bb]<h1><span style=\"color: #ffffff;\">Les conf\u00e9rences donn\u00e9es par le Dr m\u00e9d. Vincent VILLA (FMH)<\/span><\/h1>[\/et_pb_text][et_pb_divider color=\u00a0\u00bb#FFFFFF\u00a0\u00bb divider_weight=\u00a0\u00bb3px\u00a0\u00bb _builder_version=\u00a0\u00bb4.26.1&Prime; _module_preset=\u00a0\u00bbdefault\u00a0\u00bb max_width=\u00a0\u00bb75%\u00a0\u00bb custom_margin=\u00a0\u00bb||3vh|10vh|false|false\u00a0\u00bb custom_margin_tablet=\u00a0\u00bb||2vh|10vh|false|false\u00a0\u00bb custom_margin_phone=\u00a0\u00bb||3vh|2vh|false|false\u00a0\u00bb custom_margin_last_edited=\u00a0\u00bbon|phone\u00a0\u00bb global_colors_info=\u00a0\u00bb{}\u00a0\u00bb][\/et_pb_divider][\/et_pb_column][et_pb_column type=\u00a0\u00bb1_2&Prime; _builder_version=\u00a0\u00bb4.26.0&Prime; _module_preset=\u00a0\u00bbdefault\u00a0\u00bb global_colors_info=\u00a0\u00bb{}\u00a0\u00bb][\/et_pb_column][\/et_pb_row][et_pb_row column_structure=\u00a0\u00bb1_2,1_2&Prime; _builder_version=\u00a0\u00bb4.26.1&Prime; _module_preset=\u00a0\u00bbdefault\u00a0\u00bb width=\u00a0\u00bb100%\u00a0\u00bb max_width=\u00a0\u00bb2560px\u00a0\u00bb custom_margin=\u00a0\u00bb0px||0px||true|false\u00a0\u00bb custom_padding=\u00a0\u00bb0px||0px||true|false\u00a0\u00bb locked=\u00a0\u00bboff\u00a0\u00bb global_colors_info=\u00a0\u00bb{}\u00a0\u00bb][et_pb_column type=\u00a0\u00bb1_2&Prime; _builder_version=\u00a0\u00bb4.26.0&Prime; _module_preset=\u00a0\u00bbdefault\u00a0\u00bb global_colors_info=\u00a0\u00bb{}\u00a0\u00bb][\/et_pb_column][et_pb_column type=\u00a0\u00bb1_2&Prime; _builder_version=\u00a0\u00bb4.26.0&Prime; _module_preset=\u00a0\u00bbdefault\u00a0\u00bb global_colors_info=\u00a0\u00bb{}\u00a0\u00bb][et_pb_image src=\u00a0\u00bbhttps:\/\/drvincentvilla.ch\/wp-content\/uploads\/2024\/07\/equipe6.jpg\u00a0\u00bb title_text=\u00a0\u00bbDr Vincent Villa\u00a0\u00bb show_bottom_space=\u00a0\u00bboff\u00a0\u00bb align=\u00a0\u00bbright\u00a0\u00bb _builder_version=\u00a0\u00bb4.27.0&Prime; _module_preset=\u00a0\u00bbdefault\u00a0\u00bb transform_translate=\u00a0\u00bb0px|112px\u00a0\u00bb transform_translate_linked=\u00a0\u00bboff\u00a0\u00bb max_width=\u00a0\u00bb70%\u00a0\u00bb max_width_tablet=\u00a0\u00bb70%\u00a0\u00bb max_width_phone=\u00a0\u00bb100%\u00a0\u00bb max_width_last_edited=\u00a0\u00bbon|phone\u00a0\u00bb module_alignment=\u00a0\u00bbright\u00a0\u00bb max_height=\u00a0\u00bb688px\u00a0\u00bb custom_margin=\u00a0\u00bb-600px||||false|false\u00a0\u00bb custom_margin_tablet=\u00a0\u00bb-50px||||false|false\u00a0\u00bb custom_margin_phone=\u00a0\u00bb||||false|false\u00a0\u00bb custom_margin_last_edited=\u00a0\u00bbon|phone\u00a0\u00bb custom_padding=\u00a0\u00bb|10vh|0vh||false|false\u00a0\u00bb custom_padding_tablet=\u00a0\u00bb|0vh|0vh||false|false\u00a0\u00bb custom_padding_phone=\u00a0\u00bb|7vh|0vh|7vh|false|true\u00a0\u00bb custom_padding_last_edited=\u00a0\u00bbon|phone\u00a0\u00bb animation_style=\u00a0\u00bbfade\u00a0\u00bb hover_enabled=\u00a0\u00bb0&Prime; border_radii=\u00a0\u00bbon|45px|45px|45px|45px\u00a0\u00bb border_width_all=\u00a0\u00bb3px\u00a0\u00bb border_color_all=\u00a0\u00bb#FFFFFF\u00a0\u00bb global_colors_info=\u00a0\u00bb{}\u00a0\u00bb align_last_edited=\u00a0\u00bbon|tablet\u00a0\u00bb align_tablet=\u00a0\u00bbcenter\u00a0\u00bb module_alignment_last_edited=\u00a0\u00bbon|tablet\u00a0\u00bb module_alignment_tablet=\u00a0\u00bbcenter\u00a0\u00bb sticky_enabled=\u00a0\u00bb0&Prime; align_phone=\u00a0\u00bbcenter\u00a0\u00bb module_alignment_phone=\u00a0\u00bbcenter\u00a0\u00bb][\/et_pb_image][\/et_pb_column][\/et_pb_row][\/et_pb_section][et_pb_section fb_built=\u00a0\u00bb1&Prime; _builder_version=\u00a0\u00bb4.26.1&Prime; _module_preset=\u00a0\u00bbdefault\u00a0\u00bb background_color=\u00a0\u00bb#000000&Prime; custom_padding=\u00a0\u00bb10px||10px||false|false\u00a0\u00bb global_colors_info=\u00a0\u00bb{}\u00a0\u00bb][et_pb_row _builder_version=\u00a0\u00bb4.27.0&Prime; _module_preset=\u00a0\u00bbdefault\u00a0\u00bb background_color=\u00a0\u00bb#1b2e44&Prime; width=\u00a0\u00bb99%\u00a0\u00bb max_width=\u00a0\u00bb2560px\u00a0\u00bb module_alignment=\u00a0\u00bbright\u00a0\u00bb custom_margin=\u00a0\u00bb-40px||||false|false\u00a0\u00bb custom_padding=\u00a0\u00bb17vh||17vh||true|false\u00a0\u00bb border_radii=\u00a0\u00bboff|45px|||45px\u00a0\u00bb global_colors_info=\u00a0\u00bb{}\u00a0\u00bb][et_pb_column type=\u00a0\u00bb4_4&Prime; _builder_version=\u00a0\u00bb4.26.0&Prime; _module_preset=\u00a0\u00bbdefault\u00a0\u00bb global_colors_info=\u00a0\u00bb{}\u00a0\u00bb][et_pb_blog_extras posts_number=\u00a0\u00bb6&Prime; include_categories=\u00a0\u00bb29&Prime; blog_layout=\u00a0\u00bbblock_extended\u00a0\u00bb featured_image_size=\u00a0\u00bbfull\u00a0\u00bb use_overlay=\u00a0\u00bbon\u00a0\u00bb overlay_icon_color=\u00a0\u00bb#FFFFFF\u00a0\u00bb hover_overlay_color=\u00a0\u00bbrgba(0,0,0,0.74)\u00a0\u00bb hover_icon=\u00a0\u00bb&#x55;||divi||400&Prime; read_more_text=\u00a0\u00bbLire la suite\u00a0\u00bb show_author=\u00a0\u00bboff\u00a0\u00bb show_comments=\u00a0\u00bboff\u00a0\u00bb show_load_more=\u00a0\u00bbon\u00a0\u00bb load_more_text=\u00a0\u00bbCharger + \u00a0\u00bb show_less_text=\u00a0\u00bbCharger &#8211; \u00a0\u00bb _builder_version=\u00a0\u00bb4.27.0&Prime; _module_preset=\u00a0\u00bbdefault\u00a0\u00bb custom_ajax_pagination=\u00a0\u00bbon\u00a0\u00bb ajax_pagination_text_color=\u00a0\u00bb#FFFFFF\u00a0\u00bb ajax_pagination_font=\u00a0\u00bbMontserrat||||||||\u00a0\u00bb ajax_pagination_custom_padding=\u00a0\u00bb1vh|2vw|1vh|2vw|true|true\u00a0\u00bb width=\u00a0\u00bb70%\u00a0\u00bb module_alignment=\u00a0\u00bbcenter\u00a0\u00bb global_colors_info=\u00a0\u00bb{}\u00a0\u00bb][\/et_pb_blog_extras][\/et_pb_column][\/et_pb_row][\/et_pb_section][et_pb_section fb_built=\u00a0\u00bb1&Prime; _builder_version=\u00a0\u00bb4.26.1&Prime; _module_preset=\u00a0\u00bbdefault\u00a0\u00bb background_color=\u00a0\u00bb#000000&Prime; custom_padding=\u00a0\u00bb10px||10px||false|false\u00a0\u00bb global_colors_info=\u00a0\u00bb{}\u00a0\u00bb][et_pb_row column_structure=\u00a0\u00bb1_2,1_2&Prime; _builder_version=\u00a0\u00bb4.26.1&Prime; _module_preset=\u00a0\u00bbdefault\u00a0\u00bb background_color=\u00a0\u00bb#519872&Prime; width=\u00a0\u00bb99%\u00a0\u00bb max_width=\u00a0\u00bb2560px\u00a0\u00bb module_alignment=\u00a0\u00bbright\u00a0\u00bb custom_margin=\u00a0\u00bb||||false|false\u00a0\u00bb border_radii=\u00a0\u00bboff|45px|||45px\u00a0\u00bb global_colors_info=\u00a0\u00bb{}\u00a0\u00bb][et_pb_column type=\u00a0\u00bb1_2&Prime; _builder_version=\u00a0\u00bb4.26.0&Prime; _module_preset=\u00a0\u00bbdefault\u00a0\u00bb global_colors_info=\u00a0\u00bb{}\u00a0\u00bb][et_pb_image src=\u00a0\u00bbhttps:\/\/drvincentvilla.ch\/wp-content\/uploads\/2024\/07\/ROSA-photo-par-Nathan-Stampfli-Yetinc_-6.jpg\u00a0\u00bb title_text=\u00a0\u00bbROSA &#8211; photo par Nathan Stampfli &#8211; Yetinc_-6&Prime; _builder_version=\u00a0\u00bb4.27.0&Prime; _module_preset=\u00a0\u00bbdefault\u00a0\u00bb custom_margin=\u00a0\u00bb10vh||10vh||true|false\u00a0\u00bb custom_margin_tablet=\u00a0\u00bb11vh||||false|false\u00a0\u00bb custom_margin_phone=\u00a0\u00bb4vh|2vh|0vh||false|false\u00a0\u00bb custom_margin_last_edited=\u00a0\u00bbon|phone\u00a0\u00bb border_radii=\u00a0\u00bboff||45px|45px|\u00a0\u00bb global_colors_info=\u00a0\u00bb{}\u00a0\u00bb][\/et_pb_image][\/et_pb_column][et_pb_column type=\u00a0\u00bb1_2&Prime; _builder_version=\u00a0\u00bb4.26.0&Prime; _module_preset=\u00a0\u00bbdefault\u00a0\u00bb global_colors_info=\u00a0\u00bb{}\u00a0\u00bb][et_pb_text _builder_version=\u00a0\u00bb4.27.0&Prime; _module_preset=\u00a0\u00bbdefault\u00a0\u00bb custom_margin=\u00a0\u00bb28vh|10vh|2vh|0px|false|false\u00a0\u00bb custom_margin_tablet=\u00a0\u00bb18vh||0px|12vw|false|false\u00a0\u00bb custom_margin_phone=\u00a0\u00bb0vh|10vh|0px|2vh|false|false\u00a0\u00bb custom_margin_last_edited=\u00a0\u00bbon|phone\u00a0\u00bb custom_padding=\u00a0\u00bb|||0px|false|false\u00a0\u00bb header_2_font_size_tablet=\u00a0\u00bb35px\u00a0\u00bb global_colors_info=\u00a0\u00bb{}\u00a0\u00bb]<h2><span style=\"color: #ffffff;\">Voir le CV du Dr m\u00e9d. Vincent Villa (FMH)<\/span><\/h2>[\/et_pb_text][et_pb_text _builder_version=\u00a0\u00bb4.27.0&Prime; _module_preset=\u00a0\u00bbdefault\u00a0\u00bb text_font_size=\u00a0\u00bb17px\u00a0\u00bb custom_margin=\u00a0\u00bb|10vh|13vh|0px|false|false\u00a0\u00bb custom_margin_tablet=\u00a0\u00bb||5vh|0px|false|false\u00a0\u00bb custom_margin_phone=\u00a0\u00bb2vh||5vh|2vh|false|false\u00a0\u00bb custom_margin_last_edited=\u00a0\u00bbon|phone\u00a0\u00bb global_colors_info=\u00a0\u00bb{}\u00a0\u00bb]<span style=\"color: #ffffff;\">Chirurgien Orthop\u00e9diste FMH, traumatologue et sp\u00e9cialiste en chirurgie de la hanche, du genou, du sport et de l\u2019arthrose<\/span>[\/et_pb_text][et_pb_button button_url=\u00a0\u00bb@ET-DC@eyJkeW5hbWljIjp0cnVlLCJjb250ZW50IjoicG9zdF9saW5rX3VybF9wYWdlIiwic2V0dGluZ3MiOnsicG9zdF9pZCI6IjI5NDMwIn19@\u00a0\u00bb button_text=\u00a0\u00bbAcc\u00e9der au CV\u00a0\u00bb _builder_version=\u00a0\u00bb4.27.0&Prime; _dynamic_attributes=\u00a0\u00bbbutton_url\u00a0\u00bb _module_preset=\u00a0\u00bbdefault\u00a0\u00bb custom_button=\u00a0\u00bbon\u00a0\u00bb button_text_size=\u00a0\u00bb22px\u00a0\u00bb button_text_color=\u00a0\u00bb#FFFFFF\u00a0\u00bb custom_margin=\u00a0\u00bb||16vh|0px|false|false\u00a0\u00bb custom_margin_tablet=\u00a0\u00bb||7vh|0px|false|false\u00a0\u00bb custom_margin_phone=\u00a0\u00bb|2vh|7vh|2vh|false|false\u00a0\u00bb custom_margin_last_edited=\u00a0\u00bbon|phone\u00a0\u00bb custom_padding=\u00a0\u00bb2vh|4vh|2vh|4vh|true|true\u00a0\u00bb custom_padding_tablet=\u00a0\u00bb2vh|4vh|2vh|4vh|true|true\u00a0\u00bb custom_padding_phone=\u00a0\u00bb1vh|3vh|1vh|3vh|true|true\u00a0\u00bb custom_padding_last_edited=\u00a0\u00bbon|phone\u00a0\u00bb global_colors_info=\u00a0\u00bb{}\u00a0\u00bb][\/et_pb_button][\/et_pb_column][\/et_pb_row][\/et_pb_section]\n","protected":false},"excerpt":{"rendered":"<p>Les conf\u00e9rences donn\u00e9es par le Dr m\u00e9d. Vincent VILLA (FMH)Voir le CV du Dr m\u00e9d. Vincent Villa (FMH)Chirurgien Orthop\u00e9diste FMH, traumatologue et sp\u00e9cialiste en chirurgie de la hanche, du genou, du sport et de l\u2019arthrose<\/p>","protected":false},"author":1,"featured_media":0,"parent":29430,"menu_order":0,"comment_status":"closed","ping_status":"closed","template":"","meta":{"_et_pb_use_builder":"on","_et_pb_old_content":"","_et_gb_content_width":"","footnotes":""},"class_list":["post-29964","page","type-page","status-publish","hentry"],"yoast_head":"<!-- This site is optimized with the Yoast SEO plugin v27.3 - https:\/\/yoast.com\/product\/yoast-seo-wordpress\/ -->\n<title>Conf\u00e9rence - Dr Vincent Villa - Chirurgien orthop\u00e9diste<\/title>\n<meta name=\"description\" content=\"Explorez les conf\u00e9rence du Dr Vincent Villa, chirurgien orthop\u00e9dique FMH.\" \/>\n<meta name=\"robots\" content=\"index, follow, max-snippet:-1, max-image-preview:large, max-video-preview:-1\" \/>\n<link rel=\"canonical\" href=\"https:\/\/drvincentvilla.ch\/en\/entreprise\/equipe\/dr-vincent-villa\/conference\/\" \/>\n<meta property=\"og:locale\" content=\"en_GB\" \/>\n<meta property=\"og:type\" content=\"article\" \/>\n<meta property=\"og:title\" content=\"Conf\u00e9rence - Dr Vincent Villa - Chirurgien orthop\u00e9diste\" \/>\n<meta property=\"og:description\" content=\"Explorez les conf\u00e9rence du Dr Vincent Villa, chirurgien orthop\u00e9dique FMH.\" \/>\n<meta property=\"og:url\" content=\"https:\/\/drvincentvilla.ch\/en\/entreprise\/equipe\/dr-vincent-villa\/conference\/\" \/>\n<meta property=\"og:site_name\" content=\"Dr Vincent Villa - Chirurgien orthop\u00e9diste\" \/>\n<meta property=\"article:modified_time\" content=\"2024-08-23T06:58:46+00:00\" \/>\n<meta name=\"twitter:card\" content=\"summary_large_image\" \/>\n<meta name=\"twitter:label1\" content=\"Estimated reading time\" \/>\n\t<meta name=\"twitter:data1\" content=\"4 minutes\" \/>\n<script type=\"application\/ld+json\" class=\"yoast-schema-graph\">{\"@context\":\"https:\\\/\\\/schema.org\",\"@graph\":[{\"@type\":\"WebPage\",\"@id\":\"https:\\\/\\\/drvincentvilla.ch\\\/entreprise\\\/equipe\\\/dr-vincent-villa\\\/conference\\\/\",\"url\":\"https:\\\/\\\/drvincentvilla.ch\\\/entreprise\\\/equipe\\\/dr-vincent-villa\\\/conference\\\/\",\"name\":\"Conf\u00e9rence - Dr Vincent Villa - Chirurgien orthop\u00e9diste\",\"isPartOf\":{\"@id\":\"https:\\\/\\\/drvincentvilla.ch\\\/#website\"},\"datePublished\":\"2024-08-13T14:10:40+00:00\",\"dateModified\":\"2024-08-23T06:58:46+00:00\",\"description\":\"Explorez les conf\u00e9rence du Dr Vincent Villa, chirurgien orthop\u00e9dique FMH.\",\"breadcrumb\":{\"@id\":\"https:\\\/\\\/drvincentvilla.ch\\\/entreprise\\\/equipe\\\/dr-vincent-villa\\\/conference\\\/#breadcrumb\"},\"inLanguage\":\"en-GB\",\"potentialAction\":[{\"@type\":\"ReadAction\",\"target\":[\"https:\\\/\\\/drvincentvilla.ch\\\/entreprise\\\/equipe\\\/dr-vincent-villa\\\/conference\\\/\"]}]},{\"@type\":\"BreadcrumbList\",\"@id\":\"https:\\\/\\\/drvincentvilla.ch\\\/entreprise\\\/equipe\\\/dr-vincent-villa\\\/conference\\\/#breadcrumb\",\"itemListElement\":[{\"@type\":\"ListItem\",\"position\":1,\"name\":\"Accueil\",\"item\":\"https:\\\/\\\/drvincentvilla.ch\\\/\"},{\"@type\":\"ListItem\",\"position\":2,\"name\":\"Entreprise\",\"item\":\"https:\\\/\\\/drvincentvilla.ch\\\/entreprise\\\/\"},{\"@type\":\"ListItem\",\"position\":3,\"name\":\"Equipe\",\"item\":\"https:\\\/\\\/drvincentvilla.ch\\\/entreprise\\\/equipe\\\/\"},{\"@type\":\"ListItem\",\"position\":4,\"name\":\"Dr Vincent Villa\",\"item\":\"https:\\\/\\\/drvincentvilla.ch\\\/entreprise\\\/equipe\\\/dr-vincent-villa\\\/\"},{\"@type\":\"ListItem\",\"position\":5,\"name\":\"Conf\u00e9rence\"}]},{\"@type\":\"WebSite\",\"@id\":\"https:\\\/\\\/drvincentvilla.ch\\\/#website\",\"url\":\"https:\\\/\\\/drvincentvilla.ch\\\/\",\"name\":\"Dr Vincent Villa - Chirurgien orthop\u00e9diste\",\"description\":\"Le patient d&#039;abord\",\"potentialAction\":[{\"@type\":\"SearchAction\",\"target\":{\"@type\":\"EntryPoint\",\"urlTemplate\":\"https:\\\/\\\/drvincentvilla.ch\\\/?s={search_term_string}\"},\"query-input\":{\"@type\":\"PropertyValueSpecification\",\"valueRequired\":true,\"valueName\":\"search_term_string\"}}],\"inLanguage\":\"en-GB\"}]}<\/script>\n<!-- \/ Yoast SEO plugin. -->","yoast_head_json":{"title":"Conf\u00e9rence - Dr Vincent Villa - Chirurgien orthop\u00e9diste","description":"Explorez les conf\u00e9rence du Dr Vincent Villa, chirurgien orthop\u00e9dique FMH.","robots":{"index":"index","follow":"follow","max-snippet":"max-snippet:-1","max-image-preview":"max-image-preview:large","max-video-preview":"max-video-preview:-1"},"canonical":"https:\/\/drvincentvilla.ch\/en\/entreprise\/equipe\/dr-vincent-villa\/conference\/","og_locale":"en_GB","og_type":"article","og_title":"Conf\u00e9rence - Dr Vincent Villa - Chirurgien orthop\u00e9diste","og_description":"Explorez les conf\u00e9rence du Dr Vincent Villa, chirurgien orthop\u00e9dique FMH.","og_url":"https:\/\/drvincentvilla.ch\/en\/entreprise\/equipe\/dr-vincent-villa\/conference\/","og_site_name":"Dr Vincent Villa - Chirurgien orthop\u00e9diste","article_modified_time":"2024-08-23T06:58:46+00:00","twitter_card":"summary_large_image","twitter_misc":{"Estimated reading time":"4 minutes"},"schema":{"@context":"https:\/\/schema.org","@graph":[{"@type":"WebPage","@id":"https:\/\/drvincentvilla.ch\/entreprise\/equipe\/dr-vincent-villa\/conference\/","url":"https:\/\/drvincentvilla.ch\/entreprise\/equipe\/dr-vincent-villa\/conference\/","name":"Conf\u00e9rence - Dr Vincent Villa - Chirurgien orthop\u00e9diste","isPartOf":{"@id":"https:\/\/drvincentvilla.ch\/#website"},"datePublished":"2024-08-13T14:10:40+00:00","dateModified":"2024-08-23T06:58:46+00:00","description":"Explorez les conf\u00e9rence du Dr Vincent Villa, chirurgien orthop\u00e9dique FMH.","breadcrumb":{"@id":"https:\/\/drvincentvilla.ch\/entreprise\/equipe\/dr-vincent-villa\/conference\/#breadcrumb"},"inLanguage":"en-GB","potentialAction":[{"@type":"ReadAction","target":["https:\/\/drvincentvilla.ch\/entreprise\/equipe\/dr-vincent-villa\/conference\/"]}]},{"@type":"BreadcrumbList","@id":"https:\/\/drvincentvilla.ch\/entreprise\/equipe\/dr-vincent-villa\/conference\/#breadcrumb","itemListElement":[{"@type":"ListItem","position":1,"name":"Accueil","item":"https:\/\/drvincentvilla.ch\/"},{"@type":"ListItem","position":2,"name":"Entreprise","item":"https:\/\/drvincentvilla.ch\/entreprise\/"},{"@type":"ListItem","position":3,"name":"Equipe","item":"https:\/\/drvincentvilla.ch\/entreprise\/equipe\/"},{"@type":"ListItem","position":4,"name":"Dr Vincent Villa","item":"https:\/\/drvincentvilla.ch\/entreprise\/equipe\/dr-vincent-villa\/"},{"@type":"ListItem","position":5,"name":"Conf\u00e9rence"}]},{"@type":"WebSite","@id":"https:\/\/drvincentvilla.ch\/#website","url":"https:\/\/drvincentvilla.ch\/","name":"Dr Vincent Villa - Chirurgien orthop\u00e9diste","description":"Le patient d&#039;abord","potentialAction":[{"@type":"SearchAction","target":{"@type":"EntryPoint","urlTemplate":"https:\/\/drvincentvilla.ch\/?s={search_term_string}"},"query-input":{"@type":"PropertyValueSpecification","valueRequired":true,"valueName":"search_term_string"}}],"inLanguage":"en-GB"}]}},"_links":{"self":[{"href":"https:\/\/drvincentvilla.ch\/en\/wp-json\/wp\/v2\/pages\/29964","targetHints":{"allow":["GET"]}}],"collection":[{"href":"https:\/\/drvincentvilla.ch\/en\/wp-json\/wp\/v2\/pages"}],"about":[{"href":"https:\/\/drvincentvilla.ch\/en\/wp-json\/wp\/v2\/types\/page"}],"author":[{"embeddable":true,"href":"https:\/\/drvincentvilla.ch\/en\/wp-json\/wp\/v2\/users\/1"}],"replies":[{"embeddable":true,"href":"https:\/\/drvincentvilla.ch\/en\/wp-json\/wp\/v2\/comments?post=29964"}],"version-history":[{"count":6,"href":"https:\/\/drvincentvilla.ch\/en\/wp-json\/wp\/v2\/pages\/29964\/revisions"}],"predecessor-version":[{"id":30062,"href":"https:\/\/drvincentvilla.ch\/en\/wp-json\/wp\/v2\/pages\/29964\/revisions\/30062"}],"up":[{"embeddable":true,"href":"https:\/\/drvincentvilla.ch\/en\/wp-json\/wp\/v2\/pages\/29430"}],"wp:attachment":[{"href":"https:\/\/drvincentvilla.ch\/en\/wp-json\/wp\/v2\/media?parent=29964"}],"curies":[{"name":"wp","href":"https:\/\/api.w.org\/{rel}","templated":true}]}}